{"id":696,"date":"2025-08-30T15:40:35","date_gmt":"2025-08-30T13:40:35","guid":{"rendered":"https:\/\/marktbruecke.com\/?page_id=696"},"modified":"2026-03-20T12:11:40","modified_gmt":"2026-03-20T11:11:40","slug":"ueber-mich","status":"publish","type":"page","link":"https:\/\/marktbruecke.com\/?page_id=696","title":{"rendered":"IMPRESSUM"},"content":{"rendered":"\n<p class=\"wp-block-paragraph\"><\/p>\n\n\n\n<p class=\"wp-block-paragraph\"><p>Deniz Ercik c\/o<\/p>\n<p>F2BII E-Commerce#29<\/p>\n<p>Hintergoldingerstrasse 30<\/p><\/p>\n\n\n\n<p class=\"wp-block-paragraph\">8638 Goldingen SG<\/p>\n\n\n\n<p class=\"wp-block-paragraph\">Schweiz<\/p>\n\n\n\n<p class=\"wp-block-paragraph\">E-Mail: denox2.0@proton.me<\/p>\n\n\n\n<p class=\"wp-block-paragraph\"><\/p>\n\n\n\n<p class=\"wp-block-paragraph\"><\/p>\n\n\n\n<p class=\"wp-block-paragraph\"><\/p>\n\n\n\n<p class=\"wp-block-paragraph\"><\/p>\n\n\n\n<p class=\"wp-block-paragraph\">&#8222;Hinweis: Diese empfohlenen Partnerwebseiten enthalten ausschlie\u00dflich Affiliate-Links. Wenn Sie \u00fcber diese Links einkaufen, erhalten wir eine Provision \u2013 f\u00fcr Sie entstehen dadurch keine zus\u00e4tzlichen Kosten.&#8220;<\/p>\n\n\n\n<hr class=\"wp-block-separator alignwide has-alpha-channel-opacity\" style=\"margin-top:0;margin-bottom:0\"\/>\n","protected":false},"excerpt":{"rendered":"<p>Deniz Ercik c\/o F2BII E-Commerce#29 Hintergoldingerstrasse 30 8638 Goldingen SG Schweiz E-Mail: denox2.0@proton.me &#8222;Hinweis: Diese empfohlenen Partnerwebseiten enthalten ausschlie\u00dflich Affiliate-Links. Wenn Sie \u00fcber diese Links einkaufen, erhalten wir eine Provision \u2013 f\u00fcr Sie entstehen dadurch keine zus\u00e4tzlichen Kosten.&#8220;<\/p>\n","protected":false},"author":269120906,"featured_media":0,"parent":0,"menu_order":0,"comment_status":"closed","ping_status":"closed","template":"","meta":{"_crdt_document":"","advanced_seo_description":"","jetpack_seo_html_title":"","jetpack_seo_noindex":false,"footnotes":""},"class_list":["post-696","page","type-page","status-publish","hentry"],"jetpack_likes_enabled":true,"jetpack_sharing_enabled":true,"jetpack_shortlink":"https:\/\/wp.me\/PgHng5-be","jetpack-related-posts":[{"id":722,"url":"https:\/\/marktbruecke.com\/?page_id=722","url_meta":{"origin":696,"position":0},"title":"\u00dcBER","author":"denox 2.0","date":"30. August 2025","format":false,"excerpt":"Unsere Webseite bietet Dienstleistungen im Bereich Affiliate Marketing an, insbesondere die Vermittlung von Kunden an Anbieter durch Online-Werbung und Verkaufsf\u00f6rderung. Wir recherchieren und testen keine Produkte selbst. Warum wir diese Seite betreiben: Wir unterst\u00fctzen Unternehmer und Anbieter dabei, durch gezielte Online-Werbung neue Kunden zu gewinnen. Transparenz ist uns sehr wichtig:\u2026","rel":"","context":"\u00c4hnlicher Beitrag","block_context":{"text":"\u00c4hnlicher Beitrag","link":""},"img":{"alt_text":"","src":"","width":0,"height":0},"classes":[]},{"id":720,"url":"https:\/\/marktbruecke.com\/?page_id=720","url_meta":{"origin":696,"position":1},"title":"DATENSCHUTZ","author":"denox 2.0","date":"30. August 2025","format":false,"excerpt":"AFFILIATE MARKETING \u00a0\u00a0\u00a01. Welche Daten werden erhoben und zu welchem Zweck? Wir erheben und verarbeiten keinerlei personenbezogene Daten von Nutzern zu eigenen Zwecken. Die Nutzung der Webseite setzt in der Regel keine Registrierung oder Anmeldung voraus. Affiliate-Links: Auf unserer Website werden Affiliate-Links zu Partnerprogrammen genutzt. Diese Partnerprogramme k\u00f6nnen Cookies setzen,\u2026","rel":"","context":"\u00c4hnlicher Beitrag","block_context":{"text":"\u00c4hnlicher Beitrag","link":""},"img":{"alt_text":"","src":"","width":0,"height":0},"classes":[]},{"id":2643,"url":"https:\/\/marktbruecke.com\/?page_id=2643","url_meta":{"origin":696,"position":2},"title":"E-TECH","author":"denox 2.0","date":"27. September 2025","format":false,"excerpt":"","rel":"","context":"\u00c4hnlicher Beitrag","block_context":{"text":"\u00c4hnlicher Beitrag","link":""},"img":{"alt_text":"","src":"https:\/\/i0.wp.com\/marktbruecke.com\/wp-content\/uploads\/2025\/10\/E-BIKES.jpg?resize=350%2C200&quality=89&ssl=1","width":350,"height":200,"srcset":"https:\/\/i0.wp.com\/marktbruecke.com\/wp-content\/uploads\/2025\/10\/E-BIKES.jpg?resize=350%2C200&quality=89&ssl=1 1x, https:\/\/i0.wp.com\/marktbruecke.com\/wp-content\/uploads\/2025\/10\/E-BIKES.jpg?resize=525%2C300&quality=89&ssl=1 1.5x, https:\/\/i0.wp.com\/marktbruecke.com\/wp-content\/uploads\/2025\/10\/E-BIKES.jpg?resize=700%2C400&quality=89&ssl=1 2x"},"classes":[]},{"id":1126,"url":"https:\/\/marktbruecke.com\/?page_id=1126","url_meta":{"origin":696,"position":3},"title":"PARTNER","author":"denox 2.0","date":"4. September 2025","format":false,"excerpt":"MODE KOSMETIK TRAVEL E-Vignetten (Europa) Sport & Gesundheit Erlebnisse E-Tech","rel":"","context":"\u00c4hnlicher Beitrag","block_context":{"text":"\u00c4hnlicher Beitrag","link":""},"img":{"alt_text":"Ber\u00fchmte Markthalle in G\u00f6ttingen mit handwerklichem Schmuck, Uhren und Uhrenreparatur, die seit Jahren Qualit\u00e4t und Expertise bietet.","src":"https:\/\/i0.wp.com\/marktbruecke.com\/wp-content\/uploads\/2025\/09\/image-21.png?resize=350%2C200&quality=80&ssl=1","width":350,"height":200,"srcset":"https:\/\/i0.wp.com\/marktbruecke.com\/wp-content\/uploads\/2025\/09\/image-21.png?resize=350%2C200&quality=80&ssl=1 1x, https:\/\/i0.wp.com\/marktbruecke.com\/wp-content\/uploads\/2025\/09\/image-21.png?resize=525%2C300&quality=80&ssl=1 1.5x, https:\/\/i0.wp.com\/marktbruecke.com\/wp-content\/uploads\/2025\/09\/image-21.png?resize=700%2C400&quality=80&ssl=1 2x"},"classes":[]}],"_links":{"self":[{"href":"https:\/\/marktbruecke.com\/index.php?rest_route=\/wp\/v2\/pages\/696","targetHints":{"allow":["GET"]}}],"collection":[{"href":"https:\/\/marktbruecke.com\/index.php?rest_route=\/wp\/v2\/pages"}],"about":[{"href":"https:\/\/marktbruecke.com\/index.php?rest_route=\/wp\/v2\/types\/page"}],"author":[{"embeddable":true,"href":"https:\/\/marktbruecke.com\/index.php?rest_route=\/wp\/v2\/users\/269120906"}],"replies":[{"embeddable":true,"href":"https:\/\/marktbruecke.com\/index.php?rest_route=%2Fwp%2Fv2%2Fcomments&post=696"}],"version-history":[{"count":6,"href":"https:\/\/marktbruecke.com\/index.php?rest_route=\/wp\/v2\/pages\/696\/revisions"}],"predecessor-version":[{"id":3242,"href":"https:\/\/marktbruecke.com\/index.php?rest_route=\/wp\/v2\/pages\/696\/revisions\/3242"}],"wp:attachment":[{"href":"https:\/\/marktbruecke.com\/index.php?rest_route=%2Fwp%2Fv2%2Fmedia&parent=696"}],"curies":[{"name":"wp","href":"https:\/\/api.w.org\/{rel}","templated":true}]}}